{"id":48,"date":"2023-03-17T08:35:09","date_gmt":"2023-03-17T08:35:09","guid":{"rendered":"https:\/\/kursy-zawodowe.biz\/?page_id=48"},"modified":"2023-03-17T08:35:20","modified_gmt":"2023-03-17T08:35:20","slug":"opinie-o-kursach","status":"publish","type":"page","link":"https:\/\/kursy-zawodowe.biz\/index.php\/opinie-o-kursach\/","title":{"rendered":"Opinie o kursach"},"content":{"rendered":"\n<blockquote class=\"wp-block-quote\">\n<p><strong>Akademia rachunkowo\u015bci bud\u017cetowej<\/strong><\/p>\n<cite><em><strong>Kurs przeprowadzony w spos\u00f3b przynosz\u0105cy du\u017ce korzy\u015bci w pracy. Poza \u201esuchymi\u201d przepisami bardzo du\u017co przyk\u0142ad\u00f3w z \u017cycia, kt\u00f3re zaowocuj\u0105 w przysz\u0142o\u015bci.<\/strong><br><\/em><\/cite><\/blockquote>\n\n\n\n<blockquote class=\"wp-block-quote\">\n<p><strong>Akademia specjalisty ds. podatk\u00f3w<\/strong><\/p>\n<cite><em><strong>Ciekawy kurs, szczeg\u00f3lnie w zakresie podatku PIT i CIT, du\u017co praktycznych przyk\u0142ad\u00f3w.<\/strong><br><\/em><\/cite><\/blockquote>\n\n\n\n<blockquote class=\"wp-block-quote\">\n<p><strong>Akademia g\u0142\u00f3wnego ksi\u0119gowego<\/strong><\/p>\n<cite><em><strong>Kurs bardzo dobrze przygotowany, wyk\u0142adowcy z wiedz\u0105 praktyczn\u0105, du\u017co dodatkowych informacji pozaprogramowych.<\/strong>\u00a0\u00a0\u00a0<br><\/em><\/cite><\/blockquote>\n\n\n\n<blockquote class=\"wp-block-quote\">\n<p><strong>Akademia doradcy podatkowego<\/strong><\/p>\n<cite><em><strong>Kurs w zupe\u0142no\u015bci pomo\u017ce przygotowa\u0107 si\u0119 do egzaminu oraz poszerzy\u0107 swoj\u0105\u00a0 wiedz\u0119 z zakresu podatk\u00f3w oraz post\u0119powania podatkowego. Kurs warty polecenia<\/strong><\/em>.<\/cite><\/blockquote>\n\n\n\n<blockquote class=\"wp-block-quote\">\n<p><strong>Akademia analityka finansowego<\/strong><\/p>\n<cite><em><strong>Profesjonalne szkolenie, bardzo dobrze przygotowane merytorycznie. Bardzo dobry dob\u00f3r zagadnie\u0144 i temat\u00f3w omawianych na zaj\u0119ciach<\/strong><\/em>.<\/cite><\/blockquote>\n\n\n\n<blockquote class=\"wp-block-quote\">\n<p><strong>Controlling bud\u017cetowanie, zarz\u0105dzanie kosztami i rentowno\u015bci\u0105<\/strong><\/p>\n<cite><em><strong>Bardzo du\u017ca wiedza fachowa prowadz\u0105cego. Szkolenie bardzo dobrze przygotowane merytorycznie. Du\u017co przyk\u0142ad\u00f3w i pragmatycznych rozwi\u0105za\u0144. Bardzo profesjonalne prowadzenie szkolenia. Tre\u015bci przekazane w spos\u00f3b zrozumia\u0142y i bez znak\u00f3w zapytania.<\/strong><br><\/em><\/cite><\/blockquote>\n\n\n\n<h1 class=\"has-text-align-center has-accent-color has-background-background-color has-text-color has-background has-larger-font-size wp-block-heading\"><strong>Zapisz si\u0119 na szkolenie<\/strong><\/h1>\n\n\n\n<div class=\"wp-block-buttons is-layout-flex wp-block-buttons-is-layout-flex\">\n<div class=\"wp-block-button has-custom-width wp-block-button__width-100\"><a class=\"wp-block-button__link wp-element-button\" href=\"https:\/\/www.adnakademia.pl\/KONTAKT\/\">SKONTAKTUJ SI\u0118 Z NAMI<\/a><\/div>\n<\/div>\n","protected":false},"excerpt":{"rendered":"<p>Akademia rachunkowo\u015bci bud\u017cetowej Kurs przeprowadzony w spos\u00f3b przynosz\u0105cy du\u017ce korzy\u015bci w pracy. Poza \u201esuchymi\u201d przepisami bardzo du\u017co przyk\u0142ad\u00f3w z \u017cycia, kt\u00f3re zaowocuj\u0105 w przysz\u0142o\u015bci. Akademia specjalisty ds. podatk\u00f3w Ciekawy kurs, szczeg\u00f3lnie w zakresie podatku PIT i CIT, du\u017co praktycznych przyk\u0142ad\u00f3w. Akademia g\u0142\u00f3wnego ksi\u0119gowego Kurs bardzo dobrze przygotowany, wyk\u0142adowcy z wiedz\u0105 praktyczn\u0105, du\u017co dodatkowych informacji pozaprogramowych.\u00a0\u00a0\u00a0 [&hellip;]<\/p>\n","protected":false},"author":2,"featured_media":0,"parent":0,"menu_order":0,"comment_status":"closed","ping_status":"closed","template":"","meta":{"footnotes":""},"_links":{"self":[{"href":"https:\/\/kursy-zawodowe.biz\/index.php\/wp-json\/wp\/v2\/pages\/48"}],"collection":[{"href":"https:\/\/kursy-zawodowe.biz\/index.php\/wp-json\/wp\/v2\/pages"}],"about":[{"href":"https:\/\/kursy-zawodowe.biz\/index.php\/wp-json\/wp\/v2\/types\/page"}],"author":[{"embeddable":true,"href":"https:\/\/kursy-zawodowe.biz\/index.php\/wp-json\/wp\/v2\/users\/2"}],"replies":[{"embeddable":true,"href":"https:\/\/kursy-zawodowe.biz\/index.php\/wp-json\/wp\/v2\/comments?post=48"}],"version-history":[{"count":2,"href":"https:\/\/kursy-zawodowe.biz\/index.php\/wp-json\/wp\/v2\/pages\/48\/revisions"}],"predecessor-version":[{"id":50,"href":"https:\/\/kursy-zawodowe.biz\/index.php\/wp-json\/wp\/v2\/pages\/48\/revisions\/50"}],"wp:attachment":[{"href":"https:\/\/kursy-zawodowe.biz\/index.php\/wp-json\/wp\/v2\/media?parent=48"}],"curies":[{"name":"wp","href":"https:\/\/api.w.org\/{rel}","templated":true}]}}